{"id":10092,"date":"2022-02-08T16:49:41","date_gmt":"2022-02-08T15:49:41","guid":{"rendered":"https:\/\/www.hotelrenania.it\/?page_id=10092"},"modified":"2025-02-21T12:28:04","modified_gmt":"2025-02-21T11:28:04","slug":"spezielles-senior-am-meer","status":"publish","type":"page","link":"https:\/\/www.hotelrenania.it\/de\/angebote\/spezielles-senior-am-meer\/","title":{"rendered":"Spezielles f\u00fcr Senioren"},"content":{"rendered":"\t\t<div data-elementor-type=\"wp-page\" data-elementor-id=\"10092\" class=\"elementor elementor-10092\">\n\t\t\t\t\t\t<section class=\"elementor-section elementor-top-section elementor-element elementor-element-55bc024 elementor-section-full_width qodef-elementor-content-grid elementor-section-height-default elementor-section-height-default\" data-id=\"55bc024\" data-element_type=\"section\" data-e-type=\"section\">\n\t\t\t\t\t\t<div class=\"elementor-container elementor-column-gap-no\">\n\t\t\t\t\t<div class=\"elementor-column elementor-col-100 elementor-top-column elementor-element elementor-element-5abf0b6\" data-id=\"5abf0b6\" data-element_type=\"column\" data-e-type=\"column\">\n\t\t\t<div class=\"elementor-widget-wrap elementor-element-populated\">\n\t\t\t\t\t\t<div class=\"elementor-element elementor-element-1522463 elementor-widget elementor-widget-alloggio_core_section_title\" data-id=\"1522463\" data-element_type=\"widget\" data-e-type=\"widget\" data-widget_type=\"alloggio_core_section_title.default\">\n\t\t\t\t<div class=\"elementor-widget-container\">\n\t\t\t\t\t<div class=\"qodef-shortcode qodef-m  qodef-section-title qodef-alignment--center\">\n\t\t<h2 class=\"qodef-m-title\" >\n\t\t\t\t\tSpezial \u00fcber 60-J\u00e4hrige am Meer\t\t\t<\/h2>\n\t\t<span class=\"qodef-m-text\" style=\"margin-top: 25px\">Angebot f\u00fcr alle \u00fcber 60, die sich ein paar Tage f\u00fcr sich selbst und ihr Wohlbefinden g\u00f6nnen m\u00f6chten, neue Vitalit\u00e4t, Energie und gute Laune in Begleitung von goldenem Sand und frischer Meeresluft wiederfinden wollen.<\/span>\n<\/div>\t\t\t\t<\/div>\n\t\t\t\t<\/div>\n\t\t\t\t<div class=\"elementor-element elementor-element-99ab9cc elementor-widget elementor-widget-text-editor\" data-id=\"99ab9cc\" data-element_type=\"widget\" data-e-type=\"widget\" data-widget_type=\"text-editor.default\">\n\t\t\t\t<div class=\"elementor-widget-container\">\n\t\t\t\t\t\t\t\t\t<p><strong>Im Angebot inbegriffen<\/strong>:<\/p><ul><li>Begr\u00fc\u00dfungsgetr\u00e4nk<\/li><li>Energetisches und nahrhaftes Fr\u00fchst\u00fcck, um den Tag mit der richtigen Energie zu beginnen<\/li><li>Parkplatz<\/li><li>Gratis Wi-Fi<\/li><li>Strand nur wenige Meter vom Hotel entfernt mit 1 Sonnenschirm, Safe und 2 Liegest\u00fchlen inklusive<\/li><li>Picknickkorb, um das Fr\u00fchst\u00fcck bequem am Strand unter dem Sonnenschirm zu genie\u00dfen<\/li><li>Wasserkocher im Zimmer mit einer Auswahl an Tees, Kaffee und Kr\u00e4utertees<\/li><li>Strandtasche und Hausschuhe im Zimmer<\/li><li>Nachmittagskaffee begleitet von hausgemachtem Kuchen<\/li><li>City Bikes kostenlos verf\u00fcgbar<\/li><li>Lunchpaket und Rucksack (f\u00fcr Ausfl\u00fcge, auf Anfrage)<\/li><li>Kostenloser Verleih von Yogamatten, Nordic Walking-St\u00f6cken, Boule-Kugeln.<\/li><\/ul><p>Angebot g\u00fcltig f\u00fcr Aufenthalte von<strong> min. 4 N\u00e4chten im Mai, Juni und die zweite September H\u00e4lfte (au\u00dfer an Feiertagen und Wochenenden)<\/strong><\/p><p><strong>Ab \u20ac 42,00 pro Person und pro Nacht<\/strong>.<\/p><p><span style=\"font-size: 18px;\"><br \/>Es besteht die M\u00f6glichkeit mehr N\u00e4chte als im Angebot angegeben zu buchen.<br \/>F\u00fclle das Formular aus und du erh\u00e4ltst Informationen und einen unverbindlichen Kostenvoranschlag.<\/span><\/p>\t\t\t\t\t\t\t\t<\/div>\n\t\t\t\t<\/div>\n\t\t\t\t<div class=\"elementor-element elementor-element-bf0f462 elementor-widget elementor-widget-button\" data-id=\"bf0f462\" data-element_type=\"widget\" data-e-type=\"widget\" data-widget_type=\"button.default\">\n\t\t\t\t<div class=\"elementor-widget-container\">\n\t\t\t\t\t\t\t\t\t<div class=\"elementor-button-wrapper\">\n\t\t\t\t\t<a class=\"elementor-button elementor-button-link elementor-size-sm\" href=\"https:\/\/www.simplebooking.it\/ibe\/search?hid=7162&#038;lang=DE&#038;_gl=1*1hux6pb*_ga*MTE0ODQ5NzIwNC4xNzA1NTkxMzQ3*_ga_MF1H9MC9LQ*MTcxMDM0MzM4Ni4zNC4xLjE3MTAzNTMxMjQuMC4wLjA.\">\n\t\t\t\t\t\t<span class=\"elementor-button-content-wrapper\">\n\t\t\t\t\t\t\t\t\t<span class=\"elementor-button-text\">ANGEBOT BUCHEN<\/span>\n\t\t\t\t\t<\/span>\n\t\t\t\t\t<\/a>\n\t\t\t\t<\/div>\n\t\t\t\t\t\t\t\t<\/div>\n\t\t\t\t<\/div>\n\t\t\t\t\t<\/div>\n\t\t<\/div>\n\t\t\t\t\t<\/div>\n\t\t<\/section>\n\t\t\t\t<section class=\"elementor-section elementor-top-section elementor-element elementor-element-ed36c91 elementor-section-boxed elementor-section-height-default elementor-section-height-default qodef-elementor-content-no\" data-id=\"ed36c91\" data-element_type=\"section\" data-e-type=\"section\">\n\t\t\t\t\t\t<div class=\"elementor-container elementor-column-gap-default\">\n\t\t\t\t\t<div class=\"elementor-column elementor-col-50 elementor-top-column elementor-element elementor-element-d356aca\" data-id=\"d356aca\" data-element_type=\"column\" data-e-type=\"column\">\n\t\t\t<div class=\"elementor-widget-wrap elementor-element-populated\">\n\t\t\t\t\t\t<div class=\"elementor-element elementor-element-334743b elementor-widget elementor-widget-image\" data-id=\"334743b\" data-element_type=\"widget\" data-e-type=\"widget\" data-widget_type=\"image.default\">\n\t\t\t\t<div class=\"elementor-widget-container\">\n\t\t\t\t\t\t\t\t\t\t\t\t\t\t\t<img fetchpriority=\"high\" decoding=\"async\" width=\"1024\" height=\"1024\" src=\"https:\/\/www.hotelrenania.it\/wp-content\/uploads\/2023\/11\/Senza-titolo-1024-x-1024-px-4.png\" class=\"attachment-large size-large wp-image-11971\" alt=\"\" srcset=\"https:\/\/www.hotelrenania.it\/wp-content\/uploads\/2023\/11\/Senza-titolo-1024-x-1024-px-4.png 1024w, https:\/\/www.hotelrenania.it\/wp-content\/uploads\/2023\/11\/Senza-titolo-1024-x-1024-px-4-300x300.png 300w, https:\/\/www.hotelrenania.it\/wp-content\/uploads\/2023\/11\/Senza-titolo-1024-x-1024-px-4-150x150.png 150w, https:\/\/www.hotelrenania.it\/wp-content\/uploads\/2023\/11\/Senza-titolo-1024-x-1024-px-4-768x768.png 768w, https:\/\/www.hotelrenania.it\/wp-content\/uploads\/2023\/11\/Senza-titolo-1024-x-1024-px-4-650x650.png 650w\" sizes=\"(max-width: 1024px) 100vw, 1024px\" \/>\t\t\t\t\t\t\t\t\t\t\t\t\t\t\t<\/div>\n\t\t\t\t<\/div>\n\t\t\t\t\t<\/div>\n\t\t<\/div>\n\t\t\t\t<div class=\"elementor-column elementor-col-50 elementor-top-column elementor-element elementor-element-a77e3b3\" data-id=\"a77e3b3\" data-element_type=\"column\" data-e-type=\"column\">\n\t\t\t<div class=\"elementor-widget-wrap elementor-element-populated\">\n\t\t\t\t\t\t<div class=\"elementor-element elementor-element-c8962a3 elementor-widget elementor-widget-wp-widget-alloggio_core_contact_form_7\" data-id=\"c8962a3\" data-element_type=\"widget\" data-e-type=\"widget\" data-widget_type=\"wp-widget-alloggio_core_contact_form_7.default\">\n\t\t\t\t<div class=\"elementor-widget-container\">\n\t\t\t\t\t<h5>INFORMATIONEN ANFRAGEN<\/h5>\t\t\t<div class=\"qodef-contact-form-7\">\n\t\t\t\t\n<div class=\"wpcf7 no-js\" id=\"wpcf7-f6820-o1\" lang=\"de-DE\" dir=\"ltr\" data-wpcf7-id=\"6820\">\n<div class=\"screen-reader-response\"><p role=\"status\" aria-live=\"polite\" aria-atomic=\"true\"><\/p> <ul><\/ul><\/div>\n<form action=\"\/de\/wp-json\/wp\/v2\/pages\/10092#wpcf7-f6820-o1\" method=\"post\" class=\"wpcf7-form init\" aria-label=\"Kontaktformular\" novalidate=\"novalidate\" data-status=\"init\">\n<fieldset class=\"hidden-fields-container\"><input type=\"hidden\" name=\"_wpcf7\" value=\"6820\" \/><input type=\"hidden\" name=\"_wpcf7_version\" value=\"6.1.5\" \/><input type=\"hidden\" name=\"_wpcf7_locale\" value=\"de_DE\" \/><input type=\"hidden\" name=\"_wpcf7_unit_tag\" value=\"wpcf7-f6820-o1\" \/><input type=\"hidden\" name=\"_wpcf7_container_post\" value=\"0\" \/><input type=\"hidden\" name=\"_wpcf7_posted_data_hash\" value=\"\" \/><input type=\"hidden\" name=\"_wpcf7_recaptcha_response\" value=\"\" \/>\n<\/fieldset>\n<p class=\"form_row\"><span class=\"label\">Name *<\/span><span class=\"wpcf7-form-control-wrap\" data-name=\"your-name\"><input size=\"40\" maxlength=\"400\" class=\"wpcf7-form-control wpcf7-text wpcf7-validates-as-required\" aria-required=\"true\" aria-invalid=\"false\" value=\"\" type=\"text\" name=\"your-name\" \/><\/span><\/p>\n\n<p class=\"form_row\"><span class=\"label\">Vorname *<\/span><span class=\"wpcf7-form-control-wrap\" data-name=\"your-surname\"><input size=\"40\" maxlength=\"400\" class=\"wpcf7-form-control wpcf7-text wpcf7-validates-as-required\" aria-required=\"true\" aria-invalid=\"false\" value=\"\" type=\"text\" name=\"your-surname\" \/><\/span><\/p>\n\n<p class=\"form_row\"><span class=\"label\">E-Mail *<\/span><span class=\"wpcf7-form-control-wrap\" data-name=\"your-email\"><input size=\"40\" maxlength=\"400\" class=\"wpcf7-form-control wpcf7-email wpcf7-validates-as-required wpcf7-text wpcf7-validates-as-email\" aria-required=\"true\" aria-invalid=\"false\" value=\"\" type=\"email\" name=\"your-email\" \/><\/span><\/p>\n\n<p class=\"form_row\"><span class=\"label\">Telefon<\/span><span class=\"wpcf7-form-control-wrap\" data-name=\"your-phone\"><input size=\"40\" maxlength=\"400\" class=\"wpcf7-form-control wpcf7-tel wpcf7-text wpcf7-validates-as-tel\" aria-invalid=\"false\" value=\"\" type=\"tel\" name=\"your-phone\" \/><\/span><\/p>\n\n<p class=\"form_row w_100\"><span class=\"label\">Nachricht*<\/span><span class=\"wpcf7-form-control-wrap\" data-name=\"your-message\"><textarea cols=\"40\" rows=\"10\" maxlength=\"2000\" class=\"wpcf7-form-control wpcf7-textarea\" aria-invalid=\"false\" name=\"your-message\"><\/textarea><\/span><\/p>\n\n<p class=\"w_100\">\n<label class=\"his_place checkbox\"><span class=\"wpcf7-form-control-wrap\" data-name=\"privacy\"><span class=\"wpcf7-form-control wpcf7-acceptance\"><span class=\"wpcf7-list-item\"><input type=\"checkbox\" name=\"privacy\" value=\"1\" aria-invalid=\"false\" \/><\/span><\/span><\/span> <span>ICH HABE DIE <a href=\"https:\/\/www.hotelrenania.it\/de\/informativa-contatti\/\" target=\"_blank\">DATENSCHUTZERKL\u00c4RUNG<\/a> GELESEN.<\/span>\nIch erkl\u00e4re, dass ich die Informationen zur Datenverarbeitung gem\u00e4\u00df Artikel 13 und 6 der EU-Verordnung 216\/679 gelesen habe.\n<\/label>\n<span class=\"right inline\"><button class=\"wpcf7-form-control wpcf7-submit qodef-button qodef-size--normal qodef-type--outlined qodef-m\" type=\"submit\"><span class=\"qodef-m-text\">Senden<\/span><\/button><\/span>\n<\/p><div class=\"wpcf7-response-output\" aria-hidden=\"true\"><\/div>\n<\/form>\n<\/div>\n\t\t\t<\/div>\n\t\t\t\t\t\t\t<\/div>\n\t\t\t\t<\/div>\n\t\t\t\t\t<\/div>\n\t\t<\/div>\n\t\t\t\t\t<\/div>\n\t\t<\/section>\n\t\t\t\t<section class=\"elementor-section elementor-top-section elementor-element elementor-element-86da6ca elementor-section-boxed elementor-section-height-default elementor-section-height-default qodef-elementor-content-no\" data-id=\"86da6ca\" data-element_type=\"section\" data-e-type=\"section\">\n\t\t\t\t\t\t<div class=\"elementor-container elementor-column-gap-default\">\n\t\t\t\t\t<div class=\"elementor-column elementor-col-100 elementor-top-column elementor-element elementor-element-16ac358\" data-id=\"16ac358\" data-element_type=\"column\" data-e-type=\"column\">\n\t\t\t<div class=\"elementor-widget-wrap elementor-element-populated\">\n\t\t\t\t\t\t<div class=\"elementor-element elementor-element-e87d42f elementor-widget elementor-widget-spacer\" data-id=\"e87d42f\" data-element_type=\"widget\" data-e-type=\"widget\" data-widget_type=\"spacer.default\">\n\t\t\t\t<div class=\"elementor-widget-container\">\n\t\t\t\t\t\t\t<div class=\"elementor-spacer\">\n\t\t\t<div class=\"elementor-spacer-inner\"><\/div>\n\t\t<\/div>\n\t\t\t\t\t\t<\/div>\n\t\t\t\t<\/div>\n\t\t\t\t\t<\/div>\n\t\t<\/div>\n\t\t\t\t\t<\/div>\n\t\t<\/section>\n\t\t\t\t<section class=\"elementor-section elementor-top-section elementor-element elementor-element-9af6ff6 elementor-section-boxed elementor-section-height-default elementor-section-height-default qodef-elementor-content-no\" data-id=\"9af6ff6\" data-element_type=\"section\" data-e-type=\"section\">\n\t\t\t\t\t\t<div class=\"elementor-container elementor-column-gap-default\">\n\t\t\t\t\t<div class=\"elementor-column elementor-col-100 elementor-top-column elementor-element elementor-element-9599a5d\" data-id=\"9599a5d\" data-element_type=\"column\" data-e-type=\"column\">\n\t\t\t<div class=\"elementor-widget-wrap elementor-element-populated\">\n\t\t\t\t\t\t<div class=\"elementor-element elementor-element-d7a64db elementor-widget elementor-widget-spacer\" data-id=\"d7a64db\" data-element_type=\"widget\" data-e-type=\"widget\" data-widget_type=\"spacer.default\">\n\t\t\t\t<div class=\"elementor-widget-container\">\n\t\t\t\t\t\t\t<div class=\"elementor-spacer\">\n\t\t\t<div class=\"elementor-spacer-inner\"><\/div>\n\t\t<\/div>\n\t\t\t\t\t\t<\/div>\n\t\t\t\t<\/div>\n\t\t\t\t\t<\/div>\n\t\t<\/div>\n\t\t\t\t\t<\/div>\n\t\t<\/section>\n\t\t\t\t<section class=\"elementor-section elementor-top-section elementor-element elementor-element-7c4d59b elementor-section-boxed elementor-section-height-default elementor-section-height-default qodef-elementor-content-no\" data-id=\"7c4d59b\" data-element_type=\"section\" data-e-type=\"section\">\n\t\t\t\t\t\t<div class=\"elementor-container elementor-column-gap-default\">\n\t\t\t\t\t<div class=\"elementor-column elementor-col-100 elementor-top-column elementor-element elementor-element-1e3b4ab\" data-id=\"1e3b4ab\" data-element_type=\"column\" data-e-type=\"column\">\n\t\t\t<div class=\"elementor-widget-wrap elementor-element-populated\">\n\t\t\t\t\t\t<div class=\"elementor-element elementor-element-b4664fa elementor-widget elementor-widget-spacer\" data-id=\"b4664fa\" data-element_type=\"widget\" data-e-type=\"widget\" data-widget_type=\"spacer.default\">\n\t\t\t\t<div class=\"elementor-widget-container\">\n\t\t\t\t\t\t\t<div class=\"elementor-spacer\">\n\t\t\t<div class=\"elementor-spacer-inner\"><\/div>\n\t\t<\/div>\n\t\t\t\t\t\t<\/div>\n\t\t\t\t<\/div>\n\t\t\t\t\t<\/div>\n\t\t<\/div>\n\t\t\t\t\t<\/div>\n\t\t<\/section>\n\t\t\t\t<section class=\"elementor-section elementor-top-section elementor-element elementor-element-56e4187 elementor-section-boxed elementor-section-height-default elementor-section-height-default qodef-elementor-content-no\" data-id=\"56e4187\" data-element_type=\"section\" data-e-type=\"section\">\n\t\t\t\t\t\t<div class=\"elementor-container elementor-column-gap-default\">\n\t\t\t\t\t<div class=\"elementor-column elementor-col-100 elementor-top-column elementor-element elementor-element-82f8c94\" data-id=\"82f8c94\" data-element_type=\"column\" data-e-type=\"column\">\n\t\t\t<div class=\"elementor-widget-wrap\">\n\t\t\t\t\t\t\t<\/div>\n\t\t<\/div>\n\t\t\t\t\t<\/div>\n\t\t<\/section>\n\t\t\t\t<\/div>\n\t\t","protected":false},"excerpt":{"rendered":"<p>Spezial \u00fcber 60-J\u00e4hrige am Meer Angebot f\u00fcr alle \u00fcber 60, die sich ein paar Tage f\u00fcr sich selbst und ihr Wohlbefinden g\u00f6nnen m\u00f6chten, neue Vitalit\u00e4t, Energie und gute Laune in Begleitung von goldenem Sand und frischer Meeresluft wiederfinden wollen. Im Angebot inbegriffen: Begr\u00fc\u00dfungsgetr\u00e4nk Energetisches und nahrhaftes Fr\u00fchst\u00fcck, um den Tag mit der richtigen Energie zu [&hellip;]<\/p>\n","protected":false},"author":6,"featured_media":0,"parent":6992,"menu_order":0,"comment_status":"closed","ping_status":"closed","template":"page-full-width.php","meta":{"inline_featured_image":false,"footnotes":""},"class_list":["post-10092","page","type-page","status-publish","hentry"],"yoast_head":"<!-- This site is optimized with the Yoast SEO plugin v27.4 - https:\/\/yoast.com\/product\/yoast-seo-wordpress\/ -->\n<title>Ferienangebote Hotel Bibione: Spezielles f\u00fcr Senioren - Hotel Renania<\/title>\n<meta name=\"description\" content=\"Deine unerm\u00fcdliche Sportbegeisterung treibt dich dazu nach einem aktiven Urlaub am Meer zu suchen? Entdecken Sie das Angebot f\u00fcr Ihren Urlaub in Bibione.\" \/>\n<meta name=\"robots\" content=\"index, follow, max-snippet:-1, max-image-preview:large, max-video-preview:-1\" \/>\n<link rel=\"canonical\" href=\"https:\/\/www.hotelrenania.it\/de\/angebote\/spezielles-senior-am-meer\/\" \/>\n<meta property=\"og:locale\" content=\"de_DE\" \/>\n<meta property=\"og:type\" content=\"article\" \/>\n<meta property=\"og:title\" content=\"Ferienangebote Hotel Bibione: Spezielles f\u00fcr Senioren - Hotel Renania\" \/>\n<meta property=\"og:description\" content=\"Deine unerm\u00fcdliche Sportbegeisterung treibt dich dazu nach einem aktiven Urlaub am Meer zu suchen? Entdecken Sie das Angebot f\u00fcr Ihren Urlaub in Bibione.\" \/>\n<meta property=\"og:url\" content=\"https:\/\/www.hotelrenania.it\/de\/angebote\/spezielles-senior-am-meer\/\" \/>\n<meta property=\"og:site_name\" content=\"Hotel Renania\" \/>\n<meta property=\"article:publisher\" content=\"https:\/\/www.facebook.com\/HotelGarniRenania\/\" \/>\n<meta property=\"article:modified_time\" content=\"2025-02-21T11:28:04+00:00\" \/>\n<meta property=\"og:image\" content=\"https:\/\/www.hotelrenania.it\/wp-content\/uploads\/2023\/11\/Senza-titolo-1024-x-1024-px-4.png\" \/>\n\t<meta property=\"og:image:width\" content=\"1024\" \/>\n\t<meta property=\"og:image:height\" content=\"1024\" \/>\n\t<meta property=\"og:image:type\" content=\"image\/png\" \/>\n<meta name=\"twitter:card\" content=\"summary_large_image\" \/>\n<meta name=\"twitter:label1\" content=\"Gesch\u00e4tzte Lesezeit\" \/>\n\t<meta name=\"twitter:data1\" content=\"2\u00a0Minuten\" \/>\n<script type=\"application\/ld+json\" class=\"yoast-schema-graph\">{\"@context\":\"https:\\\/\\\/schema.org\",\"@graph\":[{\"@type\":\"WebPage\",\"@id\":\"https:\\\/\\\/www.hotelrenania.it\\\/de\\\/angebote\\\/spezielles-senior-am-meer\\\/\",\"url\":\"https:\\\/\\\/www.hotelrenania.it\\\/de\\\/angebote\\\/spezielles-senior-am-meer\\\/\",\"name\":\"Ferienangebote Hotel Bibione: Spezielles f\u00fcr Senioren - Hotel Renania\",\"isPartOf\":{\"@id\":\"https:\\\/\\\/www.hotelrenania.it\\\/de\\\/#website\"},\"primaryImageOfPage\":{\"@id\":\"https:\\\/\\\/www.hotelrenania.it\\\/de\\\/angebote\\\/spezielles-senior-am-meer\\\/#primaryimage\"},\"image\":{\"@id\":\"https:\\\/\\\/www.hotelrenania.it\\\/de\\\/angebote\\\/spezielles-senior-am-meer\\\/#primaryimage\"},\"thumbnailUrl\":\"https:\\\/\\\/www.hotelrenania.it\\\/wp-content\\\/uploads\\\/2023\\\/11\\\/Senza-titolo-1024-x-1024-px-4.png\",\"datePublished\":\"2022-02-08T15:49:41+00:00\",\"dateModified\":\"2025-02-21T11:28:04+00:00\",\"description\":\"Deine unerm\u00fcdliche Sportbegeisterung treibt dich dazu nach einem aktiven Urlaub am Meer zu suchen? Entdecken Sie das Angebot f\u00fcr Ihren Urlaub in Bibione.\",\"breadcrumb\":{\"@id\":\"https:\\\/\\\/www.hotelrenania.it\\\/de\\\/angebote\\\/spezielles-senior-am-meer\\\/#breadcrumb\"},\"inLanguage\":\"de\",\"potentialAction\":[{\"@type\":\"ReadAction\",\"target\":[\"https:\\\/\\\/www.hotelrenania.it\\\/de\\\/angebote\\\/spezielles-senior-am-meer\\\/\"]}]},{\"@type\":\"ImageObject\",\"inLanguage\":\"de\",\"@id\":\"https:\\\/\\\/www.hotelrenania.it\\\/de\\\/angebote\\\/spezielles-senior-am-meer\\\/#primaryimage\",\"url\":\"https:\\\/\\\/www.hotelrenania.it\\\/wp-content\\\/uploads\\\/2023\\\/11\\\/Senza-titolo-1024-x-1024-px-4.png\",\"contentUrl\":\"https:\\\/\\\/www.hotelrenania.it\\\/wp-content\\\/uploads\\\/2023\\\/11\\\/Senza-titolo-1024-x-1024-px-4.png\"},{\"@type\":\"BreadcrumbList\",\"@id\":\"https:\\\/\\\/www.hotelrenania.it\\\/de\\\/angebote\\\/spezielles-senior-am-meer\\\/#breadcrumb\",\"itemListElement\":[{\"@type\":\"ListItem\",\"position\":1,\"name\":\"Home\",\"item\":\"https:\\\/\\\/www.hotelrenania.it\\\/de\\\/\"},{\"@type\":\"ListItem\",\"position\":2,\"name\":\"Angebote\",\"item\":\"https:\\\/\\\/www.hotelrenania.it\\\/de\\\/angebote\\\/\"},{\"@type\":\"ListItem\",\"position\":3,\"name\":\"Spezielles f\u00fcr Senioren\"}]},{\"@type\":\"WebSite\",\"@id\":\"https:\\\/\\\/www.hotelrenania.it\\\/de\\\/#website\",\"url\":\"https:\\\/\\\/www.hotelrenania.it\\\/de\\\/\",\"name\":\"Hotel Renania\",\"description\":\"Vacanza in libert\u00e0 a Bibione\",\"publisher\":{\"@id\":\"https:\\\/\\\/www.hotelrenania.it\\\/de\\\/#organization\"},\"potentialAction\":[{\"@type\":\"SearchAction\",\"target\":{\"@type\":\"EntryPoint\",\"urlTemplate\":\"https:\\\/\\\/www.hotelrenania.it\\\/de\\\/?s={search_term_string}\"},\"query-input\":{\"@type\":\"PropertyValueSpecification\",\"valueRequired\":true,\"valueName\":\"search_term_string\"}}],\"inLanguage\":\"de\"},{\"@type\":\"Organization\",\"@id\":\"https:\\\/\\\/www.hotelrenania.it\\\/de\\\/#organization\",\"name\":\"Hotel Garn\u00ec Renania\",\"url\":\"https:\\\/\\\/www.hotelrenania.it\\\/de\\\/\",\"logo\":{\"@type\":\"ImageObject\",\"inLanguage\":\"de\",\"@id\":\"https:\\\/\\\/www.hotelrenania.it\\\/de\\\/#\\\/schema\\\/logo\\\/image\\\/\",\"url\":\"https:\\\/\\\/www.hotelrenania.it\\\/wp-content\\\/uploads\\\/2021\\\/03\\\/Renania-logo-con-stelle-scalato-2.jpg\",\"contentUrl\":\"https:\\\/\\\/www.hotelrenania.it\\\/wp-content\\\/uploads\\\/2021\\\/03\\\/Renania-logo-con-stelle-scalato-2.jpg\",\"width\":220,\"height\":292,\"caption\":\"Hotel Garn\u00ec Renania\"},\"image\":{\"@id\":\"https:\\\/\\\/www.hotelrenania.it\\\/de\\\/#\\\/schema\\\/logo\\\/image\\\/\"},\"sameAs\":[\"https:\\\/\\\/www.facebook.com\\\/HotelGarniRenania\\\/\",\"https:\\\/\\\/instagram.com\\\/hotel_garni_renania\"]}]}<\/script>\n<!-- \/ Yoast SEO plugin. -->","yoast_head_json":{"title":"Ferienangebote Hotel Bibione: Spezielles f\u00fcr Senioren - Hotel Renania","description":"Deine unerm\u00fcdliche Sportbegeisterung treibt dich dazu nach einem aktiven Urlaub am Meer zu suchen? Entdecken Sie das Angebot f\u00fcr Ihren Urlaub in Bibione.","robots":{"index":"index","follow":"follow","max-snippet":"max-snippet:-1","max-image-preview":"max-image-preview:large","max-video-preview":"max-video-preview:-1"},"canonical":"https:\/\/www.hotelrenania.it\/de\/angebote\/spezielles-senior-am-meer\/","og_locale":"de_DE","og_type":"article","og_title":"Ferienangebote Hotel Bibione: Spezielles f\u00fcr Senioren - Hotel Renania","og_description":"Deine unerm\u00fcdliche Sportbegeisterung treibt dich dazu nach einem aktiven Urlaub am Meer zu suchen? Entdecken Sie das Angebot f\u00fcr Ihren Urlaub in Bibione.","og_url":"https:\/\/www.hotelrenania.it\/de\/angebote\/spezielles-senior-am-meer\/","og_site_name":"Hotel Renania","article_publisher":"https:\/\/www.facebook.com\/HotelGarniRenania\/","article_modified_time":"2025-02-21T11:28:04+00:00","og_image":[{"width":1024,"height":1024,"url":"https:\/\/www.hotelrenania.it\/wp-content\/uploads\/2023\/11\/Senza-titolo-1024-x-1024-px-4.png","type":"image\/png"}],"twitter_card":"summary_large_image","twitter_misc":{"Gesch\u00e4tzte Lesezeit":"2\u00a0Minuten"},"schema":{"@context":"https:\/\/schema.org","@graph":[{"@type":"WebPage","@id":"https:\/\/www.hotelrenania.it\/de\/angebote\/spezielles-senior-am-meer\/","url":"https:\/\/www.hotelrenania.it\/de\/angebote\/spezielles-senior-am-meer\/","name":"Ferienangebote Hotel Bibione: Spezielles f\u00fcr Senioren - Hotel Renania","isPartOf":{"@id":"https:\/\/www.hotelrenania.it\/de\/#website"},"primaryImageOfPage":{"@id":"https:\/\/www.hotelrenania.it\/de\/angebote\/spezielles-senior-am-meer\/#primaryimage"},"image":{"@id":"https:\/\/www.hotelrenania.it\/de\/angebote\/spezielles-senior-am-meer\/#primaryimage"},"thumbnailUrl":"https:\/\/www.hotelrenania.it\/wp-content\/uploads\/2023\/11\/Senza-titolo-1024-x-1024-px-4.png","datePublished":"2022-02-08T15:49:41+00:00","dateModified":"2025-02-21T11:28:04+00:00","description":"Deine unerm\u00fcdliche Sportbegeisterung treibt dich dazu nach einem aktiven Urlaub am Meer zu suchen? Entdecken Sie das Angebot f\u00fcr Ihren Urlaub in Bibione.","breadcrumb":{"@id":"https:\/\/www.hotelrenania.it\/de\/angebote\/spezielles-senior-am-meer\/#breadcrumb"},"inLanguage":"de","potentialAction":[{"@type":"ReadAction","target":["https:\/\/www.hotelrenania.it\/de\/angebote\/spezielles-senior-am-meer\/"]}]},{"@type":"ImageObject","inLanguage":"de","@id":"https:\/\/www.hotelrenania.it\/de\/angebote\/spezielles-senior-am-meer\/#primaryimage","url":"https:\/\/www.hotelrenania.it\/wp-content\/uploads\/2023\/11\/Senza-titolo-1024-x-1024-px-4.png","contentUrl":"https:\/\/www.hotelrenania.it\/wp-content\/uploads\/2023\/11\/Senza-titolo-1024-x-1024-px-4.png"},{"@type":"BreadcrumbList","@id":"https:\/\/www.hotelrenania.it\/de\/angebote\/spezielles-senior-am-meer\/#breadcrumb","itemListElement":[{"@type":"ListItem","position":1,"name":"Home","item":"https:\/\/www.hotelrenania.it\/de\/"},{"@type":"ListItem","position":2,"name":"Angebote","item":"https:\/\/www.hotelrenania.it\/de\/angebote\/"},{"@type":"ListItem","position":3,"name":"Spezielles f\u00fcr Senioren"}]},{"@type":"WebSite","@id":"https:\/\/www.hotelrenania.it\/de\/#website","url":"https:\/\/www.hotelrenania.it\/de\/","name":"Hotel Renania","description":"Vacanza in libert\u00e0 a Bibione","publisher":{"@id":"https:\/\/www.hotelrenania.it\/de\/#organization"},"potentialAction":[{"@type":"SearchAction","target":{"@type":"EntryPoint","urlTemplate":"https:\/\/www.hotelrenania.it\/de\/?s={search_term_string}"},"query-input":{"@type":"PropertyValueSpecification","valueRequired":true,"valueName":"search_term_string"}}],"inLanguage":"de"},{"@type":"Organization","@id":"https:\/\/www.hotelrenania.it\/de\/#organization","name":"Hotel Garn\u00ec Renania","url":"https:\/\/www.hotelrenania.it\/de\/","logo":{"@type":"ImageObject","inLanguage":"de","@id":"https:\/\/www.hotelrenania.it\/de\/#\/schema\/logo\/image\/","url":"https:\/\/www.hotelrenania.it\/wp-content\/uploads\/2021\/03\/Renania-logo-con-stelle-scalato-2.jpg","contentUrl":"https:\/\/www.hotelrenania.it\/wp-content\/uploads\/2021\/03\/Renania-logo-con-stelle-scalato-2.jpg","width":220,"height":292,"caption":"Hotel Garn\u00ec Renania"},"image":{"@id":"https:\/\/www.hotelrenania.it\/de\/#\/schema\/logo\/image\/"},"sameAs":["https:\/\/www.facebook.com\/HotelGarniRenania\/","https:\/\/instagram.com\/hotel_garni_renania"]}]}},"_links":{"self":[{"href":"https:\/\/www.hotelrenania.it\/de\/wp-json\/wp\/v2\/pages\/10092","targetHints":{"allow":["GET"]}}],"collection":[{"href":"https:\/\/www.hotelrenania.it\/de\/wp-json\/wp\/v2\/pages"}],"about":[{"href":"https:\/\/www.hotelrenania.it\/de\/wp-json\/wp\/v2\/types\/page"}],"author":[{"embeddable":true,"href":"https:\/\/www.hotelrenania.it\/de\/wp-json\/wp\/v2\/users\/6"}],"replies":[{"embeddable":true,"href":"https:\/\/www.hotelrenania.it\/de\/wp-json\/wp\/v2\/comments?post=10092"}],"version-history":[{"count":0,"href":"https:\/\/www.hotelrenania.it\/de\/wp-json\/wp\/v2\/pages\/10092\/revisions"}],"up":[{"embeddable":true,"href":"https:\/\/www.hotelrenania.it\/de\/wp-json\/wp\/v2\/pages\/6992"}],"wp:attachment":[{"href":"https:\/\/www.hotelrenania.it\/de\/wp-json\/wp\/v2\/media?parent=10092"}],"curies":[{"name":"wp","href":"https:\/\/api.w.org\/{rel}","templated":true}]}}